{"id":5684,"date":"2025-11-25T15:24:35","date_gmt":"2025-11-25T15:24:35","guid":{"rendered":"https:\/\/advans.mx\/?page_id=5684"},"modified":"2025-11-25T18:09:01","modified_gmt":"2025-11-25T18:09:01","slug":"solicitud-de-derecho-arco","status":"publish","type":"page","link":"https:\/\/advans.mx\/index.php\/solicitud-de-derecho-arco\/","title":{"rendered":"Solicitud de Derecho ARCO"},"content":{"rendered":"\t\t<div data-elementor-type=\"wp-page\" data-elementor-id=\"5684\" class=\"elementor elementor-5684\">\n\t\t\t\t<div class=\"elementor-element elementor-element-f2dd733 e-con-full e-flex e-con e-parent\" data-id=\"f2dd733\" data-element_type=\"container\" data-settings=\"{&quot;background_background&quot;:&quot;classic&quot;}\">\n\t\t\t\t<\/div>\n\t\t<div class=\"elementor-element elementor-element-c07432a e-con-full elementor-hidden-tablet elementor-hidden-mobile e-flex e-con e-parent\" data-id=\"c07432a\" data-element_type=\"container\" data-settings=\"{&quot;background_background&quot;:&quot;classic&quot;}\">\n\t\t\t\t<\/div>\n\t\t<div class=\"elementor-element elementor-element-14954e4 e-con-full elementor-hidden-desktop e-flex e-con e-parent\" data-id=\"14954e4\" data-element_type=\"container\" data-settings=\"{&quot;background_background&quot;:&quot;classic&quot;}\">\n\t\t\t\t<div class=\"elementor-element elementor-element-bd2625c elementor-hidden-desktop elementor-widget elementor-widget-heading\" data-id=\"bd2625c\" data-element_type=\"widget\" data-widget_type=\"heading.default\">\n\t\t\t\t<div class=\"elementor-widget-container\">\n\t\t\t\t\t<h2 class=\"elementor-heading-title elementor-size-default\">Solicitud de Derecho ARCO<\/h2>\t\t\t\t<\/div>\n\t\t\t\t<\/div>\n\t\t\t\t<\/div>\n\t\t<div class=\"elementor-element elementor-element-e0742a6 e-con-full e-flex e-con e-parent\" data-id=\"e0742a6\" data-element_type=\"container\" data-settings=\"{&quot;background_background&quot;:&quot;classic&quot;}\">\n\t\t\t\t<\/div>\n\t\t<div class=\"elementor-element elementor-element-f264222 e-flex e-con-boxed e-con e-parent\" data-id=\"f264222\" data-element_type=\"container\">\n\t\t\t\t\t<div class=\"e-con-inner\">\n\t\t\t\t<div class=\"elementor-element elementor-element-d1bb0f8 elementor-widget elementor-widget-text-editor\" data-id=\"d1bb0f8\" data-element_type=\"widget\" data-widget_type=\"text-editor.default\">\n\t\t\t\t<div class=\"elementor-widget-container\">\n\t\t\t\t\t\t\t\t\t<p><span style=\"font-weight: 400;\">Por este medio puedes realizar una Solicitud de Derechos ARCO podr\u00e1s ejercer tus derechos de Acceso, Rectificaci\u00f3n, Cancelaci\u00f3n y Oposici\u00f3n al tratamiento de tus datos personales por parte de SW sapien S.A. de C.V.<\/span><\/p>\t\t\t\t\t\t\t\t<\/div>\n\t\t\t\t<\/div>\n\t\t\t\t<div class=\"elementor-element elementor-element-8011f29 elementor-widget elementor-widget-heading\" data-id=\"8011f29\" data-element_type=\"widget\" data-widget_type=\"heading.default\">\n\t\t\t\t<div class=\"elementor-widget-container\">\n\t\t\t\t\t<h2 class=\"elementor-heading-title elementor-size-default\">I. Datos del solicitante o representante:<\/h2>\t\t\t\t<\/div>\n\t\t\t\t<\/div>\n\t\t\t\t<div class=\"elementor-element elementor-element-49be452 elementor-widget elementor-widget-html\" data-id=\"49be452\" data-element_type=\"widget\" data-widget_type=\"html.default\">\n\t\t\t\t<div class=\"elementor-widget-container\">\n\t\t\t\t\t<script charset=\"utf-8\" type=\"text\/javascript\" src=\"\/\/js.hsforms.net\/forms\/embed\/v2.js\"><\/script>\n<script>\n  hbspt.forms.create({\n    portalId: \"1735765\",\n    formId: \"c24a43dc-a23f-4005-835e-6c2c17890d33\",\n    region: \"na1\"\n  });\n<\/script>\n\t\t\t\t<\/div>\n\t\t\t\t<\/div>\n\t\t\t\t\t<\/div>\n\t\t\t\t<\/div>\n\t\t<div class=\"elementor-element elementor-element-53764ad e-flex e-con-boxed e-con e-parent\" data-id=\"53764ad\" data-element_type=\"container\" data-settings=\"{&quot;background_background&quot;:&quot;classic&quot;}\">\n\t\t\t\t\t<div class=\"e-con-inner\">\n\t\t\t\t<div class=\"elementor-element elementor-element-819fa87 elementor-widget elementor-widget-heading\" data-id=\"819fa87\" data-element_type=\"widget\" data-widget_type=\"heading.default\">\n\t\t\t\t<div class=\"elementor-widget-container\">\n\t\t\t\t\t<h3 class=\"elementor-heading-title elementor-size-default\">Documentaci\u00f3n que se debe presentar:<\/h3>\t\t\t\t<\/div>\n\t\t\t\t<\/div>\n\t\t\t\t<div class=\"elementor-element elementor-element-ef90023 elementor-widget elementor-widget-text-editor\" data-id=\"ef90023\" data-element_type=\"widget\" data-widget_type=\"text-editor.default\">\n\t\t\t\t<div class=\"elementor-widget-container\">\n\t\t\t\t\t\t\t\t\t<ol><li style=\"font-weight: 400;\" aria-level=\"1\"><span style=\"font-weight: 400;\">La identidad del titular de los datos personales y, en su caso, de su representante legal deber\u00e1n ser acreditadas previo al ejercicio del derecho ARCO que corresponda, a trav\u00e9s de la presentaci\u00f3n, en original para su cotejo y copia simple, de un documento de identificaci\u00f3n oficial vigente, entre ellos: Credencial para Votar, Pasaporte, Cartilla Militar, C\u00e9dula Profesional o Licencia para Conducir).<br \/><\/span><p>\u00a0<\/p><\/li><li style=\"font-weight: 400;\" aria-level=\"1\"><span style=\"font-weight: 400;\">Adem\u00e1s de lo anterior, en el caso del representante, se deber\u00e1 presentar el documento en el que consten sus facultades de representaci\u00f3n: instrumento p\u00fablico o carta poder simple firmada ante dos testigos, anexando copia simple de las identificaciones oficiales de quienes intervengan en la suscripci\u00f3n del mismo o la declaraci\u00f3n en comparecencia personal del titular.<\/span><\/li><\/ol>\t\t\t\t\t\t\t\t<\/div>\n\t\t\t\t<\/div>\n\t\t\t\t\t<\/div>\n\t\t\t\t<\/div>\n\t\t\t\t<\/div>\n\t\t","protected":false},"excerpt":{"rendered":"<p>Solicitud de Derecho ARCO Por este medio puedes realizar una Solicitud de Derechos ARCO podr\u00e1s ejercer tus derechos de Acceso, Rectificaci\u00f3n, Cancelaci\u00f3n y Oposici\u00f3n al tratamiento de tus datos personales por parte de SW sapien S.A. de C.V. I. Datos del solicitante o representante: Documentaci\u00f3n que se debe presentar: La identidad del titular de los [&hellip;]<\/p>\n","protected":false},"author":4,"featured_media":5686,"parent":0,"menu_order":0,"comment_status":"closed","ping_status":"open","template":"","meta":{"footnotes":""},"class_list":["post-5684","page","type-page","status-publish","has-post-thumbnail","hentry"],"blocksy_meta":[],"yoast_head":"<!-- This site is optimized with the Yoast SEO plugin v24.7 - https:\/\/yoast.com\/wordpress\/plugins\/seo\/ -->\n<title>Solicitud de Derecho ARCO - Advans Soluciones<\/title>\n<meta name=\"description\" content=\"Los T\u00e9rminos regulan el uso de la APLICACI\u00d3N ADVANS, parte del Contrato de Servicios, que debe ser aceptado por EL CLIENTE.\" \/>\n<meta name=\"robots\" content=\"noindex, follow\" \/>\n<meta property=\"og:locale\" content=\"es_MX\" \/>\n<meta property=\"og:type\" content=\"article\" \/>\n<meta property=\"og:title\" content=\"Solicitud de Derecho ARCO - Advans Soluciones\" \/>\n<meta property=\"og:description\" content=\"Los T\u00e9rminos regulan el uso de la APLICACI\u00d3N ADVANS, parte del Contrato de Servicios, que debe ser aceptado por EL CLIENTE.\" \/>\n<meta property=\"og:url\" content=\"https:\/\/advans.mx\/index.php\/solicitud-de-derecho-arco\/\" \/>\n<meta property=\"og:site_name\" content=\"Advans Soluciones\" \/>\n<meta property=\"article:publisher\" content=\"https:\/\/www.facebook.com\/SolucionesAdvans\" \/>\n<meta property=\"article:modified_time\" content=\"2025-11-25T18:09:01+00:00\" \/>\n<meta property=\"og:image\" content=\"https:\/\/advans.mx\/wp-content\/uploads\/2025\/11\/SOLICITUD-DE-DERECHO-ARCO-png.webp\" \/>\n\t<meta property=\"og:image:width\" content=\"1200\" \/>\n\t<meta property=\"og:image:height\" content=\"320\" \/>\n\t<meta property=\"og:image:type\" content=\"image\/png\" \/>\n<meta name=\"twitter:card\" content=\"summary_large_image\" \/>\n<meta name=\"twitter:site\" content=\"@AdvansMx\" \/>\n<meta name=\"twitter:label1\" content=\"Tiempo de lectura\" \/>\n\t<meta name=\"twitter:data1\" content=\"1 minuto\" \/>\n<script type=\"application\/ld+json\" class=\"yoast-schema-graph\">{\"@context\":\"https:\/\/schema.org\",\"@graph\":[{\"@type\":\"WebPage\",\"@id\":\"https:\/\/advans.mx\/index.php\/solicitud-de-derecho-arco\/\",\"url\":\"https:\/\/advans.mx\/index.php\/solicitud-de-derecho-arco\/\",\"name\":\"Solicitud de Derecho ARCO - Advans Soluciones\",\"isPartOf\":{\"@id\":\"https:\/\/advans.mx\/#website\"},\"primaryImageOfPage\":{\"@id\":\"https:\/\/advans.mx\/index.php\/solicitud-de-derecho-arco\/#primaryimage\"},\"image\":{\"@id\":\"https:\/\/advans.mx\/index.php\/solicitud-de-derecho-arco\/#primaryimage\"},\"thumbnailUrl\":\"https:\/\/advans.mx\/wp-content\/uploads\/2025\/11\/SOLICITUD-DE-DERECHO-ARCO-png.webp\",\"datePublished\":\"2025-11-25T15:24:35+00:00\",\"dateModified\":\"2025-11-25T18:09:01+00:00\",\"description\":\"Los T\u00e9rminos regulan el uso de la APLICACI\u00d3N ADVANS, parte del Contrato de Servicios, que debe ser aceptado por EL CLIENTE.\",\"breadcrumb\":{\"@id\":\"https:\/\/advans.mx\/index.php\/solicitud-de-derecho-arco\/#breadcrumb\"},\"inLanguage\":\"es\",\"potentialAction\":[{\"@type\":\"ReadAction\",\"target\":[\"https:\/\/advans.mx\/index.php\/solicitud-de-derecho-arco\/\"]}]},{\"@type\":\"ImageObject\",\"inLanguage\":\"es\",\"@id\":\"https:\/\/advans.mx\/index.php\/solicitud-de-derecho-arco\/#primaryimage\",\"url\":\"https:\/\/advans.mx\/wp-content\/uploads\/2025\/11\/SOLICITUD-DE-DERECHO-ARCO-png.webp\",\"contentUrl\":\"https:\/\/advans.mx\/wp-content\/uploads\/2025\/11\/SOLICITUD-DE-DERECHO-ARCO-png.webp\",\"width\":1200,\"height\":320,\"caption\":\"SOLICITUD DE DERECHO ARCO\"},{\"@type\":\"BreadcrumbList\",\"@id\":\"https:\/\/advans.mx\/index.php\/solicitud-de-derecho-arco\/#breadcrumb\",\"itemListElement\":[{\"@type\":\"ListItem\",\"position\":1,\"name\":\"Inicio\",\"item\":\"https:\/\/advans.mx\/\"},{\"@type\":\"ListItem\",\"position\":2,\"name\":\"Solicitud de Derecho ARCO\"}]},{\"@type\":\"WebSite\",\"@id\":\"https:\/\/advans.mx\/#website\",\"url\":\"https:\/\/advans.mx\/\",\"name\":\"Advans Soluciones\",\"description\":\"\",\"publisher\":{\"@id\":\"https:\/\/advans.mx\/#organization\"},\"potentialAction\":[{\"@type\":\"SearchAction\",\"target\":{\"@type\":\"EntryPoint\",\"urlTemplate\":\"https:\/\/advans.mx\/?s={search_term_string}\"},\"query-input\":{\"@type\":\"PropertyValueSpecification\",\"valueRequired\":true,\"valueName\":\"search_term_string\"}}],\"inLanguage\":\"es\"},{\"@type\":\"Organization\",\"@id\":\"https:\/\/advans.mx\/#organization\",\"name\":\"Advans Soluciones\",\"url\":\"https:\/\/advans.mx\/\",\"logo\":{\"@type\":\"ImageObject\",\"inLanguage\":\"es\",\"@id\":\"https:\/\/advans.mx\/#\/schema\/logo\/image\/\",\"url\":\"https:\/\/advans.mx\/wp-content\/uploads\/2025\/03\/Advans-logo-by-sw-png.webp\",\"contentUrl\":\"https:\/\/advans.mx\/wp-content\/uploads\/2025\/03\/Advans-logo-by-sw-png.webp\",\"width\":178,\"height\":66,\"caption\":\"Advans Soluciones\"},\"image\":{\"@id\":\"https:\/\/advans.mx\/#\/schema\/logo\/image\/\"},\"sameAs\":[\"https:\/\/www.facebook.com\/SolucionesAdvans\",\"https:\/\/x.com\/AdvansMx\",\"https:\/\/www.instagram.com\/solucionesadvans\/\"]}]}<\/script>\n<!-- \/ Yoast SEO plugin. -->","yoast_head_json":{"title":"Solicitud de Derecho ARCO - Advans Soluciones","description":"Los T\u00e9rminos regulan el uso de la APLICACI\u00d3N ADVANS, parte del Contrato de Servicios, que debe ser aceptado por EL CLIENTE.","robots":{"index":"noindex","follow":"follow"},"og_locale":"es_MX","og_type":"article","og_title":"Solicitud de Derecho ARCO - Advans Soluciones","og_description":"Los T\u00e9rminos regulan el uso de la APLICACI\u00d3N ADVANS, parte del Contrato de Servicios, que debe ser aceptado por EL CLIENTE.","og_url":"https:\/\/advans.mx\/index.php\/solicitud-de-derecho-arco\/","og_site_name":"Advans Soluciones","article_publisher":"https:\/\/www.facebook.com\/SolucionesAdvans","article_modified_time":"2025-11-25T18:09:01+00:00","og_image":[{"width":1200,"height":320,"url":"https:\/\/advans.mx\/wp-content\/uploads\/2025\/11\/SOLICITUD-DE-DERECHO-ARCO-png.webp","type":"image\/png"}],"twitter_card":"summary_large_image","twitter_site":"@AdvansMx","twitter_misc":{"Tiempo de lectura":"1 minuto"},"schema":{"@context":"https:\/\/schema.org","@graph":[{"@type":"WebPage","@id":"https:\/\/advans.mx\/index.php\/solicitud-de-derecho-arco\/","url":"https:\/\/advans.mx\/index.php\/solicitud-de-derecho-arco\/","name":"Solicitud de Derecho ARCO - Advans Soluciones","isPartOf":{"@id":"https:\/\/advans.mx\/#website"},"primaryImageOfPage":{"@id":"https:\/\/advans.mx\/index.php\/solicitud-de-derecho-arco\/#primaryimage"},"image":{"@id":"https:\/\/advans.mx\/index.php\/solicitud-de-derecho-arco\/#primaryimage"},"thumbnailUrl":"https:\/\/advans.mx\/wp-content\/uploads\/2025\/11\/SOLICITUD-DE-DERECHO-ARCO-png.webp","datePublished":"2025-11-25T15:24:35+00:00","dateModified":"2025-11-25T18:09:01+00:00","description":"Los T\u00e9rminos regulan el uso de la APLICACI\u00d3N ADVANS, parte del Contrato de Servicios, que debe ser aceptado por EL CLIENTE.","breadcrumb":{"@id":"https:\/\/advans.mx\/index.php\/solicitud-de-derecho-arco\/#breadcrumb"},"inLanguage":"es","potentialAction":[{"@type":"ReadAction","target":["https:\/\/advans.mx\/index.php\/solicitud-de-derecho-arco\/"]}]},{"@type":"ImageObject","inLanguage":"es","@id":"https:\/\/advans.mx\/index.php\/solicitud-de-derecho-arco\/#primaryimage","url":"https:\/\/advans.mx\/wp-content\/uploads\/2025\/11\/SOLICITUD-DE-DERECHO-ARCO-png.webp","contentUrl":"https:\/\/advans.mx\/wp-content\/uploads\/2025\/11\/SOLICITUD-DE-DERECHO-ARCO-png.webp","width":1200,"height":320,"caption":"SOLICITUD DE DERECHO ARCO"},{"@type":"BreadcrumbList","@id":"https:\/\/advans.mx\/index.php\/solicitud-de-derecho-arco\/#breadcrumb","itemListElement":[{"@type":"ListItem","position":1,"name":"Inicio","item":"https:\/\/advans.mx\/"},{"@type":"ListItem","position":2,"name":"Solicitud de Derecho ARCO"}]},{"@type":"WebSite","@id":"https:\/\/advans.mx\/#website","url":"https:\/\/advans.mx\/","name":"Advans Soluciones","description":"","publisher":{"@id":"https:\/\/advans.mx\/#organization"},"potentialAction":[{"@type":"SearchAction","target":{"@type":"EntryPoint","urlTemplate":"https:\/\/advans.mx\/?s={search_term_string}"},"query-input":{"@type":"PropertyValueSpecification","valueRequired":true,"valueName":"search_term_string"}}],"inLanguage":"es"},{"@type":"Organization","@id":"https:\/\/advans.mx\/#organization","name":"Advans Soluciones","url":"https:\/\/advans.mx\/","logo":{"@type":"ImageObject","inLanguage":"es","@id":"https:\/\/advans.mx\/#\/schema\/logo\/image\/","url":"https:\/\/advans.mx\/wp-content\/uploads\/2025\/03\/Advans-logo-by-sw-png.webp","contentUrl":"https:\/\/advans.mx\/wp-content\/uploads\/2025\/03\/Advans-logo-by-sw-png.webp","width":178,"height":66,"caption":"Advans Soluciones"},"image":{"@id":"https:\/\/advans.mx\/#\/schema\/logo\/image\/"},"sameAs":["https:\/\/www.facebook.com\/SolucionesAdvans","https:\/\/x.com\/AdvansMx","https:\/\/www.instagram.com\/solucionesadvans\/"]}]}},"_links":{"self":[{"href":"https:\/\/advans.mx\/index.php\/wp-json\/wp\/v2\/pages\/5684","targetHints":{"allow":["GET"]}}],"collection":[{"href":"https:\/\/advans.mx\/index.php\/wp-json\/wp\/v2\/pages"}],"about":[{"href":"https:\/\/advans.mx\/index.php\/wp-json\/wp\/v2\/types\/page"}],"author":[{"embeddable":true,"href":"https:\/\/advans.mx\/index.php\/wp-json\/wp\/v2\/users\/4"}],"replies":[{"embeddable":true,"href":"https:\/\/advans.mx\/index.php\/wp-json\/wp\/v2\/comments?post=5684"}],"version-history":[{"count":58,"href":"https:\/\/advans.mx\/index.php\/wp-json\/wp\/v2\/pages\/5684\/revisions"}],"predecessor-version":[{"id":5745,"href":"https:\/\/advans.mx\/index.php\/wp-json\/wp\/v2\/pages\/5684\/revisions\/5745"}],"wp:featuredmedia":[{"embeddable":true,"href":"https:\/\/advans.mx\/index.php\/wp-json\/wp\/v2\/media\/5686"}],"wp:attachment":[{"href":"https:\/\/advans.mx\/index.php\/wp-json\/wp\/v2\/media?parent=5684"}],"curies":[{"name":"wp","href":"https:\/\/api.w.org\/{rel}","templated":true}]}}